{"id":1938,"date":"2024-11-09T16:55:32","date_gmt":"2024-11-09T15:55:32","guid":{"rendered":"https:\/\/eos-ready.com\/service\/"},"modified":"2025-06-05T11:06:00","modified_gmt":"2025-06-05T09:06:00","slug":"service","status":"publish","type":"page","link":"https:\/\/eos-ready.com\/en\/service\/","title":{"rendered":"Service"},"content":{"rendered":"","protected":false},"excerpt":{"rendered":"<p>Wir schreiben Service, Vertrauen und eine pers\u00f6nliche Betreuung gro\u00df, k\u00fcmmern uns auch kurzfristig und nach der Inbetriebnahme um unsere Kunden \u2013 immer in der N\u00e4he und nat\u00fcrlich auch im Notfall. Das macht Elpro aus.<\/p>\n","protected":false},"author":1,"featured_media":1506,"parent":0,"menu_order":0,"comment_status":"closed","ping_status":"closed","template":"","meta":{"_acf_changed":false,"footnotes":""},"class_list":["post-1938","page","type-page","status-publish","has-post-thumbnail","hentry"],"acf":[],"yoast_head":"<!-- This site is optimized with the Yoast SEO plugin v26.9 - https:\/\/yoast.com\/product\/yoast-seo-wordpress\/ -->\n<title>Service - EOS<\/title>\n<meta name=\"description\" content=\"Wir schreiben Service, Vertrauen und eine pers\u00f6nliche Betreuung gro\u00df, k\u00fcmmern uns auch kurzfristig und nach der Inbetriebnahme um unsere Kunden \u2013 immer in der N\u00e4he und nat\u00fcrlich auch im Notfall. Das macht Elpro aus.\" \/>\n<meta name=\"robots\" content=\"index, follow, max-snippet:-1, max-image-preview:large, max-video-preview:-1\" \/>\n<link rel=\"canonical\" href=\"https:\/\/eos-ready.com\/service\/\" \/>\n<meta property=\"og:locale\" content=\"en_US\" \/>\n<meta property=\"og:type\" content=\"article\" \/>\n<meta property=\"og:title\" content=\"Service - EOS\" \/>\n<meta property=\"og:description\" content=\"Wir schreiben Service, Vertrauen und eine pers\u00f6nliche Betreuung gro\u00df, k\u00fcmmern uns auch kurzfristig und nach der Inbetriebnahme um unsere Kunden \u2013 immer in der N\u00e4he und nat\u00fcrlich auch im Notfall. Das macht Elpro aus.\" \/>\n<meta property=\"og:url\" content=\"https:\/\/eos-ready.com\/service\/\" \/>\n<meta property=\"og:site_name\" content=\"EOS\" \/>\n<meta property=\"article:modified_time\" content=\"2025-06-05T09:06:00+00:00\" \/>\n<meta property=\"og:image\" content=\"https:\/\/eos-ready.com\/wp-content\/uploads\/2025\/03\/3_2_service_2.webp\" \/>\n\t<meta property=\"og:image:width\" content=\"2048\" \/>\n\t<meta property=\"og:image:height\" content=\"1366\" \/>\n\t<meta property=\"og:image:type\" content=\"image\/webp\" \/>\n<meta name=\"twitter:card\" content=\"summary_large_image\" \/>\n<meta name=\"twitter:label1\" content=\"Est. reading time\" \/>\n\t<meta name=\"twitter:data1\" content=\"1 minute\" \/>\n<script type=\"application\/ld+json\" class=\"yoast-schema-graph\">{\"@context\":\"https:\/\/schema.org\",\"@graph\":[{\"@type\":\"WebPage\",\"@id\":\"https:\/\/eos-ready.com\/service\/\",\"url\":\"https:\/\/eos-ready.com\/service\/\",\"name\":\"Service - EOS\",\"isPartOf\":{\"@id\":\"https:\/\/eos-ready.com\/#website\"},\"primaryImageOfPage\":{\"@id\":\"https:\/\/eos-ready.com\/service\/#primaryimage\"},\"image\":{\"@id\":\"https:\/\/eos-ready.com\/service\/#primaryimage\"},\"thumbnailUrl\":\"https:\/\/eos-ready.com\/wp-content\/uploads\/2025\/03\/3_2_service_2.webp\",\"datePublished\":\"2024-11-09T15:55:32+00:00\",\"dateModified\":\"2025-06-05T09:06:00+00:00\",\"description\":\"Wir schreiben Service, Vertrauen und eine pers\u00f6nliche Betreuung gro\u00df, k\u00fcmmern uns auch kurzfristig und nach der Inbetriebnahme um unsere Kunden \u2013 immer in der N\u00e4he und nat\u00fcrlich auch im Notfall. Das macht Elpro aus.\",\"breadcrumb\":{\"@id\":\"https:\/\/eos-ready.com\/service\/#breadcrumb\"},\"inLanguage\":\"en-US\",\"potentialAction\":[{\"@type\":\"ReadAction\",\"target\":[\"https:\/\/eos-ready.com\/service\/\"]}]},{\"@type\":\"ImageObject\",\"inLanguage\":\"en-US\",\"@id\":\"https:\/\/eos-ready.com\/service\/#primaryimage\",\"url\":\"https:\/\/eos-ready.com\/wp-content\/uploads\/2025\/03\/3_2_service_2.webp\",\"contentUrl\":\"https:\/\/eos-ready.com\/wp-content\/uploads\/2025\/03\/3_2_service_2.webp\",\"width\":2048,\"height\":1366},{\"@type\":\"BreadcrumbList\",\"@id\":\"https:\/\/eos-ready.com\/service\/#breadcrumb\",\"itemListElement\":[{\"@type\":\"ListItem\",\"position\":1,\"name\":\"Startseite\",\"item\":\"https:\/\/eos-ready.com\/\"},{\"@type\":\"ListItem\",\"position\":2,\"name\":\"Service\"}]},{\"@type\":\"WebSite\",\"@id\":\"https:\/\/eos-ready.com\/#website\",\"url\":\"https:\/\/eos-ready.com\/\",\"name\":\"EOS\",\"description\":\"\",\"potentialAction\":[{\"@type\":\"SearchAction\",\"target\":{\"@type\":\"EntryPoint\",\"urlTemplate\":\"https:\/\/eos-ready.com\/?s={search_term_string}\"},\"query-input\":{\"@type\":\"PropertyValueSpecification\",\"valueRequired\":true,\"valueName\":\"search_term_string\"}}],\"inLanguage\":\"en-US\"}]}<\/script>\n<!-- \/ Yoast SEO plugin. -->","yoast_head_json":{"title":"Service - EOS","description":"Wir schreiben Service, Vertrauen und eine pers\u00f6nliche Betreuung gro\u00df, k\u00fcmmern uns auch kurzfristig und nach der Inbetriebnahme um unsere Kunden \u2013 immer in der N\u00e4he und nat\u00fcrlich auch im Notfall. Das macht Elpro aus.","robots":{"index":"index","follow":"follow","max-snippet":"max-snippet:-1","max-image-preview":"max-image-preview:large","max-video-preview":"max-video-preview:-1"},"canonical":"https:\/\/eos-ready.com\/service\/","og_locale":"en_US","og_type":"article","og_title":"Service - EOS","og_description":"Wir schreiben Service, Vertrauen und eine pers\u00f6nliche Betreuung gro\u00df, k\u00fcmmern uns auch kurzfristig und nach der Inbetriebnahme um unsere Kunden \u2013 immer in der N\u00e4he und nat\u00fcrlich auch im Notfall. Das macht Elpro aus.","og_url":"https:\/\/eos-ready.com\/service\/","og_site_name":"EOS","article_modified_time":"2025-06-05T09:06:00+00:00","og_image":[{"width":2048,"height":1366,"url":"https:\/\/eos-ready.com\/wp-content\/uploads\/2025\/03\/3_2_service_2.webp","type":"image\/webp"}],"twitter_card":"summary_large_image","twitter_misc":{"Est. reading time":"1 minute"},"schema":{"@context":"https:\/\/schema.org","@graph":[{"@type":"WebPage","@id":"https:\/\/eos-ready.com\/service\/","url":"https:\/\/eos-ready.com\/service\/","name":"Service - EOS","isPartOf":{"@id":"https:\/\/eos-ready.com\/#website"},"primaryImageOfPage":{"@id":"https:\/\/eos-ready.com\/service\/#primaryimage"},"image":{"@id":"https:\/\/eos-ready.com\/service\/#primaryimage"},"thumbnailUrl":"https:\/\/eos-ready.com\/wp-content\/uploads\/2025\/03\/3_2_service_2.webp","datePublished":"2024-11-09T15:55:32+00:00","dateModified":"2025-06-05T09:06:00+00:00","description":"Wir schreiben Service, Vertrauen und eine pers\u00f6nliche Betreuung gro\u00df, k\u00fcmmern uns auch kurzfristig und nach der Inbetriebnahme um unsere Kunden \u2013 immer in der N\u00e4he und nat\u00fcrlich auch im Notfall. Das macht Elpro aus.","breadcrumb":{"@id":"https:\/\/eos-ready.com\/service\/#breadcrumb"},"inLanguage":"en-US","potentialAction":[{"@type":"ReadAction","target":["https:\/\/eos-ready.com\/service\/"]}]},{"@type":"ImageObject","inLanguage":"en-US","@id":"https:\/\/eos-ready.com\/service\/#primaryimage","url":"https:\/\/eos-ready.com\/wp-content\/uploads\/2025\/03\/3_2_service_2.webp","contentUrl":"https:\/\/eos-ready.com\/wp-content\/uploads\/2025\/03\/3_2_service_2.webp","width":2048,"height":1366},{"@type":"BreadcrumbList","@id":"https:\/\/eos-ready.com\/service\/#breadcrumb","itemListElement":[{"@type":"ListItem","position":1,"name":"Startseite","item":"https:\/\/eos-ready.com\/"},{"@type":"ListItem","position":2,"name":"Service"}]},{"@type":"WebSite","@id":"https:\/\/eos-ready.com\/#website","url":"https:\/\/eos-ready.com\/","name":"EOS","description":"","potentialAction":[{"@type":"SearchAction","target":{"@type":"EntryPoint","urlTemplate":"https:\/\/eos-ready.com\/?s={search_term_string}"},"query-input":{"@type":"PropertyValueSpecification","valueRequired":true,"valueName":"search_term_string"}}],"inLanguage":"en-US"}]}},"_links":{"self":[{"href":"https:\/\/eos-ready.com\/en\/wp-json\/wp\/v2\/pages\/1938","targetHints":{"allow":["GET"]}}],"collection":[{"href":"https:\/\/eos-ready.com\/en\/wp-json\/wp\/v2\/pages"}],"about":[{"href":"https:\/\/eos-ready.com\/en\/wp-json\/wp\/v2\/types\/page"}],"author":[{"embeddable":true,"href":"https:\/\/eos-ready.com\/en\/wp-json\/wp\/v2\/users\/1"}],"replies":[{"embeddable":true,"href":"https:\/\/eos-ready.com\/en\/wp-json\/wp\/v2\/comments?post=1938"}],"version-history":[{"count":5,"href":"https:\/\/eos-ready.com\/en\/wp-json\/wp\/v2\/pages\/1938\/revisions"}],"predecessor-version":[{"id":2209,"href":"https:\/\/eos-ready.com\/en\/wp-json\/wp\/v2\/pages\/1938\/revisions\/2209"}],"wp:featuredmedia":[{"embeddable":true,"href":"https:\/\/eos-ready.com\/en\/wp-json\/wp\/v2\/media\/1506"}],"wp:attachment":[{"href":"https:\/\/eos-ready.com\/en\/wp-json\/wp\/v2\/media?parent=1938"}],"curies":[{"name":"wp","href":"https:\/\/api.w.org\/{rel}","templated":true}]}}